{"id":5,"date":"2020-01-13T11:17:52","date_gmt":"2020-01-13T11:17:52","guid":{"rendered":"https:\/\/demosites.io\/web-agency-gb\/?page_id=5"},"modified":"2026-01-13T10:00:25","modified_gmt":"2026-01-13T10:00:25","slug":"15c42-web-agency-gb-home","status":"publish","type":"page","link":"https:\/\/cdc.org.pl\/","title":{"rendered":"Home"},"content":{"rendered":"\n<div class=\"wp-block-cover alignfull\" style=\"min-height:500px\"><span aria-hidden=\"true\" class=\"wp-block-cover__background has-neve-link-color-background-color has-background-dim-80 has-background-dim\"><\/span><img decoding=\"async\" loading=\"lazy\" width=\"1536\" height=\"1536\" class=\"wp-block-cover__image-background wp-image-378\" alt=\"\" src=\"https:\/\/cdc.org.pl\/wp-content\/uploads\/2023\/02\/grid_0-2.png\" data-object-fit=\"cover\" srcset=\"https:\/\/cdc.org.pl\/wp-content\/uploads\/2023\/02\/grid_0-2.png 1536w, https:\/\/cdc.org.pl\/wp-content\/uploads\/2023\/02\/grid_0-2-300x300.png 300w, https:\/\/cdc.org.pl\/wp-content\/uploads\/2023\/02\/grid_0-2-1024x1024.png 1024w, https:\/\/cdc.org.pl\/wp-content\/uploads\/2023\/02\/grid_0-2-150x150.png 150w, https:\/\/cdc.org.pl\/wp-content\/uploads\/2023\/02\/grid_0-2-768x768.png 768w\" sizes=\"(max-width: 1536px) 100vw, 1536px\" \/><div class=\"wp-block-cover__inner-container\">\n<h1 class=\"wp-block-heading has-text-align-center has-nv-site-bg-color has-text-color\">Produkujemy ciep\u0142o dla mieszka\u0144c\u00f3w.<\/h1>\n\n\n\n<p class=\"has-text-align-center has-nv-site-bg-color has-text-color\" style=\"font-size:17px\">Kompleksowo dbamy o dostarczanie ciep\u0142a do dom\u00f3w.<\/p>\n\n\n\n<div class=\"wp-block-buttons is-horizontal is-content-justification-center is-layout-flex wp-container-1\">\n<div class=\"wp-block-button is-style-primary ticss-e0a16180\"><a class=\"wp-block-button__link has-neve-link-hover-color-background-color has-background wp-element-button\" href=\"#ceny\">Sprawd\u017a cennik<\/a><\/div>\n<\/div>\n<\/div><\/div>\n\n\n\n<div style=\"height:50px\" aria-hidden=\"true\" class=\"wp-block-spacer\"><\/div>\n\n\n\n<div class=\"wp-block-columns is-layout-flex wp-container-5\">\n<div class=\"wp-block-column is-layout-flow\"><div class=\"wp-block-image icon-style is-style-default\">\n<figure class=\"aligncenter size-full is-resized\"><img decoding=\"async\" loading=\"lazy\" src=\"https:\/\/cdc.org.pl\/wp-content\/uploads\/2023\/02\/Zasob-4.svg\" alt=\"\" class=\"wp-image-451\" width=\"80\" height=\"100\"\/><\/figure><\/div>\n\n\n<div style=\"height:10px\" aria-hidden=\"true\" class=\"wp-block-spacer\"><\/div>\n\n\n\n<h3 class=\"wp-block-heading has-text-align-center has-neve-text-color-color has-text-color\">Oszcz\u0119dno\u015bci finansowe<\/h3>\n\n\n\n<p class=\"has-text-align-center\">wynikaj\u0105ce z niskiego zu\u017cycia energii elektrycznej&nbsp; i optymalnego wykorzystania gazu<\/p>\n<\/div>\n\n\n\n<div class=\"wp-block-column is-layout-flow\"><div class=\"wp-block-image icon-style is-style-default\">\n<figure class=\"aligncenter size-full is-resized\"><img decoding=\"async\" loading=\"lazy\" src=\"https:\/\/cdc.org.pl\/wp-content\/uploads\/2023\/02\/Zasob-3.svg\" alt=\"\" class=\"wp-image-452\" width=\"100\" height=\"100\"\/><\/figure><\/div>\n\n\n<div style=\"height:10px\" aria-hidden=\"true\" class=\"wp-block-spacer\"><\/div>\n\n\n\n<h3 class=\"wp-block-heading has-text-align-center has-neve-text-color-color has-text-color\">Korzy\u015bci dla zdrowia<\/h3>\n\n\n\n<p class=\"has-text-align-center\">zwi\u0105zane z zastosowaniem neutralnych dla \u015brodowiska technologii<\/p>\n<\/div>\n\n\n\n<div class=\"wp-block-column is-layout-flow\"><div class=\"wp-block-image icon-style is-style-default\">\n<figure class=\"aligncenter size-full is-resized\"><img decoding=\"async\" loading=\"lazy\" src=\"https:\/\/cdc.org.pl\/wp-content\/uploads\/2023\/02\/Zasob-2.svg\" alt=\"\" class=\"wp-image-453\" width=\"100\" height=\"100\"\/><\/figure><\/div>\n\n\n<div style=\"height:10px\" aria-hidden=\"true\" class=\"wp-block-spacer\"><\/div>\n\n\n\n<h3 class=\"wp-block-heading has-text-align-center has-neve-text-color-color has-text-color\">Gwarantowany spok\u00f3j<\/h3>\n\n\n\n<p class=\"has-text-align-center\">Ciep\u0142o dla Ciebie odpowiada za wszelk\u0105 obs\u0142ug\u0119 techniczn\u0105 i serwisy zwi\u0105zane z dzia\u0142aniem kot\u0142owni<\/p>\n<\/div>\n<\/div>\n\n\n\n<div class=\"wp-block-cover alignfull\" style=\"min-height:600px\"><span aria-hidden=\"true\" class=\"wp-block-cover__background has-nv-site-bg-background-color has-background-dim-100 has-background-dim\"><\/span><div class=\"wp-block-cover__inner-container\">\n<div class=\"wp-block-group is-layout-flow\"><div class=\"wp-block-group__inner-container\">\n<div style=\"height:20px\" aria-hidden=\"true\" class=\"wp-block-spacer\"><\/div>\n\n\n\n<div class=\"wp-block-columns are-vertically-aligned-center is-layout-flex wp-container-8\">\n<div class=\"wp-block-column is-vertically-aligned-center is-layout-flow\" style=\"flex-basis:50%\">\n<h2 class=\"wp-block-heading has-text-align-left has-neve-text-color-color has-text-color\">Ciep\u0142o <mark style=\"background-color:rgba(0, 0, 0, 0)\" class=\"has-inline-color has-neve-link-hover-color-color\">dla Ciebie<\/mark><\/h2>\n\n\n\n<h3 class=\"wp-block-heading ticss-8c127e4c has-neve-link-color-color has-text-color\"><mark style=\"background-color:rgba(0, 0, 0, 0)\" class=\"has-inline-color has-neve-link-hover-color-color\">Kim jeste\u015bmy?<\/mark><\/h3>\n\n\n\n<p class=\"has-neve-text-color-color has-text-color\">Sp\u00f3\u0142ka zajmuje si\u0119 <mark style=\"background-color:rgba(0, 0, 0, 0)\" class=\"has-inline-color has-neve-link-color-color\">produkcj\u0105 ciep\u0142a na potrzeby ogrzewania oraz podgrzewu ciep\u0142ej wody<\/mark> dostarczanej mieszka\u0144com poszczeg\u00f3lnych Wsp\u00f3lnot mieszkaniowych. Za pomoc\u0105 piec\u00f3w grzewczych i pomp wodnych mieszka\u0144cy maj\u0105 zapewnione <mark style=\"background-color:rgba(0, 0, 0, 0)\" class=\"has-inline-color has-neve-link-color-color\">ca\u0142odobow\u0105<\/mark> dostaw\u0119 wody ciep\u0142ej do swoich nieruchomo\u015bci zar\u00f3wno w celu ogrzania mieszkania jak i w formie ciep\u0142ej wody w kranach swoich dom\u00f3w<\/p>\n\n\n\n<div style=\"height:40px\" aria-hidden=\"true\" class=\"wp-block-spacer\"><\/div>\n<\/div>\n\n\n\n<div class=\"wp-block-column is-vertically-aligned-center is-layout-flow\" style=\"flex-basis:50%\">\n<figure class=\"wp-block-image size-large\"><img decoding=\"async\" loading=\"lazy\" width=\"1024\" height=\"629\" src=\"https:\/\/cdc.org.pl\/wp-content\/uploads\/2023\/02\/licznik-1-1024x629.png\" alt=\"\" class=\"wp-image-447\" srcset=\"https:\/\/cdc.org.pl\/wp-content\/uploads\/2023\/02\/licznik-1-1024x629.png 1024w, https:\/\/cdc.org.pl\/wp-content\/uploads\/2023\/02\/licznik-1-300x184.png 300w, https:\/\/cdc.org.pl\/wp-content\/uploads\/2023\/02\/licznik-1-768x472.png 768w, https:\/\/cdc.org.pl\/wp-content\/uploads\/2023\/02\/licznik-1.png 1448w\" sizes=\"(max-width: 1024px) 100vw, 1024px\" \/><\/figure>\n<\/div>\n<\/div>\n\n\n\n<div style=\"height:40px\" aria-hidden=\"true\" class=\"wp-block-spacer\"><\/div>\n<\/div><\/div>\n<\/div><\/div>\n\n\n\n<div class=\"wp-block-cover alignfull\" style=\"min-height:600px\"><span aria-hidden=\"true\" class=\"wp-block-cover__background has-neve-link-hover-color-background-color has-background-dim-100 has-background-dim\"><\/span><div class=\"wp-block-cover__inner-container\">\n<div class=\"wp-block-group is-layout-flow\"><div class=\"wp-block-group__inner-container\">\n<div style=\"height:80px\" aria-hidden=\"true\" class=\"wp-block-spacer\"><\/div>\n\n\n\n<div class=\"wp-block-columns are-vertically-aligned-center is-layout-flex wp-container-12\">\n<div class=\"wp-block-column is-vertically-aligned-center is-layout-flow\" style=\"flex-basis:50%\">\n<figure class=\"wp-block-image size-large\"><img decoding=\"async\" loading=\"lazy\" width=\"1024\" height=\"835\" src=\"https:\/\/cdc.org.pl\/wp-content\/uploads\/2023\/02\/boiler-room-equipment-for-modern-heating-system-2-1024x835.jpg\" alt=\"\" class=\"wp-image-375\" srcset=\"https:\/\/cdc.org.pl\/wp-content\/uploads\/2023\/02\/boiler-room-equipment-for-modern-heating-system-2-1024x835.jpg 1024w, https:\/\/cdc.org.pl\/wp-content\/uploads\/2023\/02\/boiler-room-equipment-for-modern-heating-system-2-300x245.jpg 300w, https:\/\/cdc.org.pl\/wp-content\/uploads\/2023\/02\/boiler-room-equipment-for-modern-heating-system-2-768x626.jpg 768w, https:\/\/cdc.org.pl\/wp-content\/uploads\/2023\/02\/boiler-room-equipment-for-modern-heating-system-2-1536x1252.jpg 1536w, https:\/\/cdc.org.pl\/wp-content\/uploads\/2023\/02\/boiler-room-equipment-for-modern-heating-system-2.jpg 1920w\" sizes=\"(max-width: 1024px) 100vw, 1024px\" \/><\/figure>\n<\/div>\n\n\n\n<div class=\"wp-block-column is-vertically-aligned-center is-layout-flow\" style=\"flex-basis:50%\">\n<div style=\"height:40px\" aria-hidden=\"true\" class=\"wp-block-spacer\"><\/div>\n\n\n\n<h2 class=\"wp-block-heading has-text-align-left has-nv-text-dark-bg-color has-text-color\">Projektujemy kot\u0142ownie<\/h2>\n\n\n\n<p>Firma CDC od samego pocz\u0105tku jest zaanga\u017cowana<br>w proces tworzenia kot\u0142owni na nowo powstaj\u0105cych osiedlach mieszkalnych, na kt\u00f3rych terenie deweloperzy zdecydowali si\u0119 na dostarczanie ciep\u0142a grzewczego i ciep\u0142ej wody  za pomocy samodzielnej aparatury grzewczej zlokalizowanej w kot\u0142owniach<\/p>\n\n\n\n<p> <\/p>\n<\/div>\n<\/div>\n\n\n\n<div style=\"height:50px\" aria-hidden=\"true\" class=\"wp-block-spacer\"><\/div>\n<\/div><\/div>\n<\/div><\/div>\n\n\n\n<div class=\"wp-block-cover alignfull\" style=\"min-height:600px\"><span aria-hidden=\"true\" class=\"wp-block-cover__background has-nv-site-bg-background-color has-background-dim-100 has-background-dim\"><\/span><div class=\"wp-block-cover__inner-container\">\n<div class=\"wp-block-group is-layout-flow\"><div class=\"wp-block-group__inner-container\">\n<div style=\"height:20px\" aria-hidden=\"true\" class=\"wp-block-spacer\"><\/div>\n\n\n\n<div class=\"wp-block-columns are-vertically-aligned-center is-layout-flex wp-container-16\">\n<div class=\"wp-block-column is-vertically-aligned-center ticss-93dde1a0 is-layout-flow\" style=\"flex-basis:50%\">\n<div style=\"height:20px\" aria-hidden=\"true\" class=\"wp-block-spacer\"><\/div>\n\n\n\n<h2 class=\"wp-block-heading has-text-align-left has-neve-text-color-color has-text-color\">Zakres <mark style=\"background-color:rgba(0, 0, 0, 0)\" class=\"has-inline-color has-neve-link-hover-color-color\">us\u0142ug<\/mark><\/h2>\n\n\n\n<p class=\"has-text-align-left ticss-aeb3ce32 has-neve-text-color-color has-text-color has-medium-font-size\"><strong><strong><mark style=\"background-color:rgba(0, 0, 0, 0)\" class=\"has-inline-color has-neve-link-hover-color-color\">Produkcja ciep\u0142ej wody<\/mark><\/strong><\/strong><\/p>\n\n\n\n<p class=\"has-nv-dark-bg-color has-text-color\">dostarczanej mieszka\u0144com poszczeg\u00f3lnych wsp\u00f3lnot mieszkaniowych i nieruchomo\u015bci &#8211; wykorzystywanej w instalacji grzewczej, kuchni i \u0142azience<\/p>\n\n\n\n<p class=\"has-text-align-left ticss-3042f949 has-neve-text-color-color has-text-color has-medium-font-size\" style=\"color:var(--nv-text-color)\"><strong><mark style=\"background-color:rgba(0, 0, 0, 0)\" class=\"has-inline-color has-neve-link-hover-color-color\">Zaanga\u017cowanie w proces tworzenia kot\u0142owni<\/mark><\/strong><\/p>\n\n\n\n<p class=\"has-nv-dark-bg-color has-text-color\">na nowo powstaj\u0105cych osiedlach mieszkalnych ju\u017c na etapie projektowym<\/p>\n\n\n\n<p class=\"has-text-align-left ticss-93591b13 has-neve-text-color-color has-text-color has-medium-font-size\" style=\"color:var(--nv-text-color)\"><strong><mark style=\"background-color:rgba(0, 0, 0, 0)\" class=\"has-inline-color has-neve-link-hover-color-color\">Doradztwo i rekomendacje<\/mark><\/strong><\/p>\n\n\n\n<p class=\"has-nv-dark-bg-color has-text-color\">w zakresie wyboru, instalacji i serwisu system\u00f3w grzewczych, gwarantuj\u0105ce bezawaryjna i ci\u0105g\u0142\u0105 dostaw\u0119 ciep\u0142a do lokali obi\u0119tych zarz\u0105dzan\u0105 przez nas sieci\u0105<\/p>\n\n\n\n<p><\/p>\n<\/div>\n\n\n\n<div class=\"wp-block-column is-vertically-aligned-center is-layout-flow\" style=\"flex-basis:50%\">\n<figure class=\"wp-block-image size-large is-resized\"><img decoding=\"async\" loading=\"lazy\" src=\"https:\/\/cdc.org.pl\/wp-content\/uploads\/2023\/02\/concept-of-energy-saving-1024x683.jpg\" alt=\"\" class=\"wp-image-359\" width=\"520\" height=\"346\" srcset=\"https:\/\/cdc.org.pl\/wp-content\/uploads\/2023\/02\/concept-of-energy-saving-1024x683.jpg 1024w, https:\/\/cdc.org.pl\/wp-content\/uploads\/2023\/02\/concept-of-energy-saving-300x200.jpg 300w, https:\/\/cdc.org.pl\/wp-content\/uploads\/2023\/02\/concept-of-energy-saving-768x512.jpg 768w, https:\/\/cdc.org.pl\/wp-content\/uploads\/2023\/02\/concept-of-energy-saving-930x620.jpg 930w, https:\/\/cdc.org.pl\/wp-content\/uploads\/2023\/02\/concept-of-energy-saving.jpg 1080w\" sizes=\"(max-width: 520px) 100vw, 520px\" \/><\/figure>\n<\/div>\n<\/div>\n\n\n\n<div style=\"height:20px\" aria-hidden=\"true\" class=\"wp-block-spacer\"><\/div>\n<\/div><\/div>\n<\/div><\/div>\n\n\n\n<div class=\"wp-block-cover alignfull\" style=\"min-height:600px\"><span aria-hidden=\"true\" class=\"wp-block-cover__background has-neve-link-hover-color-background-color has-background-dim-100 has-background-dim\"><\/span><div class=\"wp-block-cover__inner-container\">\n<div class=\"wp-block-group is-layout-flow\"><div class=\"wp-block-group__inner-container\">\n<div style=\"height:80px\" aria-hidden=\"true\" class=\"wp-block-spacer\"><\/div>\n\n\n\n<div class=\"wp-block-columns are-vertically-aligned-center is-layout-flex wp-container-23\">\n<div class=\"wp-block-column is-vertically-aligned-center is-layout-flow\" style=\"flex-basis:50%\">\n<figure class=\"wp-block-image size-large\"><img decoding=\"async\" loading=\"lazy\" width=\"1024\" height=\"683\" src=\"https:\/\/cdc.org.pl\/wp-content\/uploads\/2023\/02\/family-at-home-1024x683.jpg\" alt=\"\" class=\"wp-image-418\" srcset=\"https:\/\/cdc.org.pl\/wp-content\/uploads\/2023\/02\/family-at-home-1024x683.jpg 1024w, https:\/\/cdc.org.pl\/wp-content\/uploads\/2023\/02\/family-at-home-300x200.jpg 300w, https:\/\/cdc.org.pl\/wp-content\/uploads\/2023\/02\/family-at-home-768x512.jpg 768w, https:\/\/cdc.org.pl\/wp-content\/uploads\/2023\/02\/family-at-home-1536x1025.jpg 1536w, https:\/\/cdc.org.pl\/wp-content\/uploads\/2023\/02\/family-at-home-930x620.jpg 930w, https:\/\/cdc.org.pl\/wp-content\/uploads\/2023\/02\/family-at-home.jpg 1920w\" sizes=\"(max-width: 1024px) 100vw, 1024px\" \/><\/figure>\n<\/div>\n\n\n\n<div class=\"wp-block-column is-vertically-aligned-center is-layout-flow\" style=\"flex-basis:50%\">\n<div style=\"height:40px\" aria-hidden=\"true\" class=\"wp-block-spacer\"><\/div>\n\n\n\n<h2 class=\"wp-block-heading has-text-align-left has-nv-text-dark-bg-color has-text-color\">Jak dzia\u0142amy<\/h2>\n\n\n\n<div class=\"wp-block-group is-layout-constrained\"><div class=\"wp-block-group__inner-container\">\n<p class=\"ticss-b91780d8 has-medium-font-size\"><strong>Ca\u0142odobowa dostawa<\/strong><\/p>\n\n\n\n<p>Dostarczamy ciep\u0142\u0105 wod\u0119 do grzejnik\u00f3w<br>i kran\u00f3w niezale\u017cnie od dnia i godziny<\/p>\n<\/div><\/div>\n\n\n\n<div class=\"wp-block-group is-layout-constrained\"><div class=\"wp-block-group__inner-container\">\n<p class=\"ticss-d3fd0a0f has-medium-font-size\"><strong><strong>W\u0142a\u015bciwe przechowywanie<\/strong><\/strong><\/p>\n\n\n\n<p>Ogrzan\u0105 wod\u0119 gromadzimy w zbiornikach, kt\u00f3re utrzymuj\u0105 temperatur\u0119 cieczy zanim zostanie ona dostarczona do naszych Klient\u00f3w<\/p>\n<\/div><\/div>\n\n\n\n<div class=\"wp-block-group is-layout-constrained\"><div class=\"wp-block-group__inner-container\">\n<p class=\"ticss-7beca39d has-medium-font-size\"><strong><strong>Sprawdzeni partnerzy<\/strong><\/strong><\/p>\n\n\n\n<p>Wsp\u00f3\u0142pracujemy z wiod\u0105cymi na rynku dostawcami rozwi\u0105za\u0144 grzewczych<\/p>\n<\/div><\/div>\n<\/div>\n<\/div>\n\n\n\n<div style=\"height:50px\" aria-hidden=\"true\" class=\"wp-block-spacer\"><\/div>\n<\/div><\/div>\n<\/div><\/div>\n\n\n\n<div class=\"wp-block-cover alignfull ticss-0f897e63\" style=\"min-height:600px\"><span aria-hidden=\"true\" class=\"wp-block-cover__background has-nv-site-bg-background-color has-background-dim-100 has-background-dim\"><\/span><div class=\"wp-block-cover__inner-container\">\n<div class=\"wp-block-group is-layout-flow\"><div class=\"wp-block-group__inner-container\">\n<div style=\"height:80px\" aria-hidden=\"true\" class=\"wp-block-spacer\"><\/div>\n\n\n\n<h2 class=\"wp-block-heading has-neve-text-color-color has-text-color\" id=\"cennik\">Informacja dla <mark style=\"background-color:rgba(0, 0, 0, 0)\" class=\"has-inline-color has-neve-link-hover-color-color\">odbiorc\u00f3w ciep\u0142a<\/mark><\/h2>\n\n\n\n<p class=\"has-nv-dark-bg-color has-text-color\">Informujemy o obowi\u0105zuj\u0105cej cenie dostawy ciep\u0142a wytworzonego w kot\u0142owni przy ul. Szymborskiej 4\/115 w Kleszczewie:<\/p>\n\n\n\n<ul class=\"has-nv-dark-bg-color has-text-color\">\n<li>op\u0142ata za ciep\u0142o w wysoko\u015bci: 283,48 z\u0142\/GJ,<\/li>\n\n\n\n<li>op\u0142ata za moc zam\u00f3wion\u0105: 225599 z\u0142\/MW\/rok,<\/li>\n\n\n\n<li class=\"ticss-274d3a62\">op\u0142ata za no\u015bnik: 27 z\u0142\/m3.<br>\u015arednia cena wytwarzania ciep\u0142a wynosi 316,55 z\u0142\/GJ.<br>W rozliczeniach z odbiorcami, o kt\u00f3rych mowa w art. 4 ust. 1 ustawy z dnia 15 wrze\u015bnia 2022 roku o szczeg\u00f3lnych rozwi\u0105zaniach w zakresie niekt\u00f3rych \u017ar\u00f3de\u0142 ciep\u0142a w zwi\u0105zku z sytuacj\u0105 na rynku paliw, zastosowane zostan\u0105 nast\u0119puj\u0105ce stawki op\u0142at:<\/li>\n\n\n\n<li>op\u0142ata za ciep\u0142o w wysoko\u015bci: 135,18 z\u0142\/GJ,<\/li>\n\n\n\n<li>op\u0142ata za moc zam\u00f3wion\u0105: 107579,12 z\u0142\/MW\/rok,<\/li>\n\n\n\n<li>op\u0142ata za no\u015bnik: 12,88 z\u0142\/m3.<\/li>\n<\/ul>\n\n\n\n<div style=\"height:40px\" aria-hidden=\"true\" class=\"wp-block-spacer\"><\/div>\n<\/div><\/div>\n<\/div><\/div>\n\n\n\n<div class=\"wp-block-cover alignfull\" style=\"min-height:600px\"><span aria-hidden=\"true\" class=\"wp-block-cover__background has-nv-site-bg-background-color has-background-dim-100 has-background-dim\"><\/span><div class=\"wp-block-cover__inner-container\">\n<div class=\"wp-block-group is-layout-flow\"><div class=\"wp-block-group__inner-container\">\n<div style=\"height:20px\" aria-hidden=\"true\" class=\"wp-block-spacer\"><\/div>\n\n\n\n<div class=\"wp-block-columns are-vertically-aligned-center is-layout-flex wp-container-27\">\n<div class=\"wp-block-column is-vertically-aligned-center ticss-93dde1a0 is-layout-flow\" style=\"flex-basis:100%\">\n<div style=\"height:20px\" aria-hidden=\"true\" class=\"wp-block-spacer\"><\/div>\n\n\n\n<h2 class=\"wp-block-heading has-text-align-left has-neve-text-color-color has-text-color\" id=\"ceny\">Informacja dla <mark style=\"background-color:rgba(0, 0, 0, 0)\" class=\"has-inline-color has-neve-link-hover-color-color\">odbiorc\u00f3w ciep\u0142a<\/mark><\/h2>\n\n\n\n<p class=\"has-nv-dark-bg-color has-text-color\">Ceny za zam\u00f3wion\u0105 moc ciepln\u0105, ceny za ciep\u0142o obowi\u0105zuj\u0105ce od 01 lutego 2026 roku:<\/p>\n\n\n\n<figure class=\"wp-block-table is-style-stripes\"><table class=\"has-neve-link-color-color has-text-color\"><tbody><tr><td><strong>Grupa odbiorc\u00f3w<\/strong><\/td><td><strong>Cena za zam\u00f3wion\u0105 <\/strong><br><strong>moc ciepln\u0105 (miesi\u0119czna)&nbsp;<\/strong><br><strong>[z\u0142\/MW\/mc]<\/strong><\/td><td><strong>Cena za ciep\u0142o&nbsp;<br>[z\u0142\/GJ]<\/strong><\/td><td class=\"has-text-align-left\" data-align=\"left\"><strong>Jednosk\u0142adnikowa<br>cena ciep\u0142a netto<br>[z\u0142\/GJ]<\/strong><\/td><\/tr><tr><td>KG50\/Ba<\/td><td>10518,41<\/td><td>161,88<\/td><td class=\"has-text-align-left\" data-align=\"left\">184,45<\/td><\/tr><tr><td>KG50\/Pr<\/td><td>13204,54<\/td><td>155,00<\/td><td class=\"has-text-align-left\" data-align=\"left\">195,12<\/td><\/tr><tr><td>KG50\/Ra<\/td><td>13683,08<\/td><td>155,00<\/td><td class=\"has-text-align-left\" data-align=\"left\">187,38<\/td><\/tr><tr><td>KG50\/We<\/td><td>13549,70<\/td><td>155,00<\/td><td class=\"has-text-align-left\" data-align=\"left\">185,13<\/td><\/tr><tr><td>KG50\/Po<\/td><td>14977,12<\/td><td>158,00<\/td><td class=\"has-text-align-left\" data-align=\"left\">188,83<\/td><\/tr><\/tbody><\/table><\/figure>\n\n\n\n<p class=\"has-nv-dark-bg-color has-text-color\">Ceny za zam\u00f3wion\u0105 moc ciepln\u0105, ceny za ciep\u0142o obowi\u0105zuj\u0105ce od 01 marca 2026 roku:<\/p>\n\n\n\n<figure class=\"wp-block-table is-style-stripes\"><table class=\"has-neve-link-color-color has-text-color\"><tbody><tr><td><strong>Grupa odbiorc\u00f3w<\/strong><\/td><td><strong>Cena za zam\u00f3wion\u0105 <\/strong><br><strong>moc ciepln\u0105 (miesi\u0119czna)&nbsp;<\/strong><br><strong>[z\u0142\/MW\/mc]<\/strong><\/td><td><strong>Cena za ciep\u0142o&nbsp;<br>[z\u0142\/GJ]<\/strong><\/td><td class=\"has-text-align-left\" data-align=\"left\"><strong>Jednosk\u0142adnikowa<br>cena ciep\u0142a netto<br>[z\u0142\/GJ]<\/strong><\/td><\/tr><tr><td>KG50\/Sz<\/td><td>23565,40<\/td><td>182,10<\/td><td class=\"has-text-align-left\" data-align=\"left\">242,20<\/td><\/tr><\/tbody><\/table><\/figure>\n\n\n\n<p class=\"has-nv-dark-bg-color has-text-color\">Informacja <mark style=\"background-color:rgba(0, 0, 0, 0)\" class=\"has-inline-color has-neve-link-hover-color-color\">archiwalna<\/mark><\/p>\n\n\n\n<p class=\"has-nv-dark-bg-color has-text-color\">Ceny za zam\u00f3wion\u0105 moc ciepln\u0105, ceny za ciep\u0142o ustalone zgodnie z par. 7 ust. 8 rozporz\u0105dzenia Ministra Klimatu z 7 kwietnia 2020 roku w sprawie szczeg\u00f3\u0142owych zasad kszta\u0142towania i kalkulacji taryf oraz rozlicze\u0144 z tytu\u0142u zaopatrzenia w ciep\u0142o (Dziennik Ustaw z 2020 roku, pozycja 718 ze zmianami), obowi\u0105zuj\u0105ce od 01 stycznia 2024 roku:<\/p>\n\n\n\n<figure class=\"wp-block-table is-style-stripes\"><table class=\"has-neve-link-color-color has-text-color\"><tbody><tr><td><strong>Grupa odbiorc\u00f3w<\/strong><\/td><td><strong>Cena za zam\u00f3wion\u0105 <\/strong><br><strong>moc ciepln\u0105 (miesi\u0119czna)&nbsp;<\/strong><br><strong>[z\u0142\/MW\/mc]<\/strong><\/td><td><strong>Cena za ciep\u0142o&nbsp;<br>[z\u0142\/GJ]<\/strong><\/td><td class=\"has-text-align-left\" data-align=\"left\"><strong>Jednosk\u0142adnikowa<br>cena ciep\u0142a netto<br>[z\u0142\/GJ]<\/strong><\/td><\/tr><tr><td>KG50\/Ba<\/td><td>19636,21<\/td><td>143,36<\/td><td class=\"has-text-align-left\" data-align=\"left\">180,89<\/td><\/tr><tr><td>KG50\/Pr<\/td><td>15509,53<\/td><td>157,27<\/td><td class=\"has-text-align-left\" data-align=\"left\">215,47<\/td><\/tr><tr><td>KG50\/Ra<\/td><td>14970,12<\/td><td>150,80<\/td><td class=\"has-text-align-left\" data-align=\"left\">188,89<\/td><\/tr><tr><td>KG50\/We<\/td><td>14970,12<\/td><td>150,80<\/td><td class=\"has-text-align-left\" data-align=\"left\">184,37<\/td><\/tr><tr><td>KG50\/Sz<\/td><td>25176,98<\/td><td>182,10<\/td><td class=\"has-text-align-left\" data-align=\"left\">254,11<\/td><\/tr><tr><td>KG50\/Po<\/td><td>21599,52<\/td><td>158,62<\/td><td class=\"has-text-align-left\" data-align=\"left\">205,14<\/td><\/tr><\/tbody><\/table><\/figure>\n<\/div>\n<\/div>\n\n\n\n<div style=\"height:0px\" aria-hidden=\"true\" class=\"wp-block-spacer\"><\/div>\n<\/div><\/div>\n<\/div><\/div>\n","protected":false},"excerpt":{"rendered":"<p>Oszcz\u0119dno\u015bci finansowe wynikaj\u0105ce z niskiego zu\u017cycia energii elektrycznej&nbsp; i optymalnego wykorzystania gazu Korzy\u015bci dla zdrowia zwi\u0105zane z zastosowaniem neutralnych dla \u015brodowiska technologii Gwarantowany spok\u00f3j Ciep\u0142o dla Ciebie odpowiada za wszelk\u0105 obs\u0142ug\u0119 techniczn\u0105 i serwisy zwi\u0105zane z dzia\u0142aniem kot\u0142owni<\/p>\n","protected":false},"author":1,"featured_media":0,"parent":0,"menu_order":0,"comment_status":"closed","ping_status":"closed","template":"","meta":{"neve_meta_sidebar":"default","neve_meta_container":"default","neve_meta_enable_content_width":"on","neve_meta_content_width":100,"neve_meta_title_alignment":"","neve_meta_author_avatar":"","neve_post_elements_order":"","neve_meta_disable_header":"","neve_meta_disable_footer":"","neve_meta_disable_title":"on","neve_meta_reading_time":"","_themeisle_gutenberg_block_has_review":false,"_ti_tpc_template_sync":false,"_ti_tpc_template_id":"5udqur826ojgsxrmsxsc"},"_links":{"self":[{"href":"https:\/\/cdc.org.pl\/index.php?rest_route=\/wp\/v2\/pages\/5"}],"collection":[{"href":"https:\/\/cdc.org.pl\/index.php?rest_route=\/wp\/v2\/pages"}],"about":[{"href":"https:\/\/cdc.org.pl\/index.php?rest_route=\/wp\/v2\/types\/page"}],"author":[{"embeddable":true,"href":"https:\/\/cdc.org.pl\/index.php?rest_route=\/wp\/v2\/users\/1"}],"replies":[{"embeddable":true,"href":"https:\/\/cdc.org.pl\/index.php?rest_route=%2Fwp%2Fv2%2Fcomments&post=5"}],"version-history":[{"count":68,"href":"https:\/\/cdc.org.pl\/index.php?rest_route=\/wp\/v2\/pages\/5\/revisions"}],"predecessor-version":[{"id":516,"href":"https:\/\/cdc.org.pl\/index.php?rest_route=\/wp\/v2\/pages\/5\/revisions\/516"}],"wp:attachment":[{"href":"https:\/\/cdc.org.pl\/index.php?rest_route=%2Fwp%2Fv2%2Fmedia&parent=5"}],"curies":[{"name":"wp","href":"https:\/\/api.w.org\/{rel}","templated":true}]}}